{"id":1352,"date":"2026-05-13T10:39:33","date_gmt":"2026-05-13T08:39:33","guid":{"rendered":"https:\/\/challenge-christophe-caraty.fr\/?page_id=1352"},"modified":"2026-05-13T11:11:16","modified_gmt":"2026-05-13T09:11:16","slug":"nos-animations","status":"publish","type":"page","link":"https:\/\/challenge-christophe-caraty.fr\/?page_id=1352","title":{"rendered":"NOS EVENEMENTS"},"content":{"rendered":"<blockquote class=\"wp-embedded-content\" data-secret=\"VbioIXmQ7d\"><p><a href=\"https:\/\/challenge-christophe-caraty.fr\/?p=1082\">UNE LETTRE \u00c0 LA MER&#8230; CAP SUR NEW YORK<\/a><\/p><\/blockquote>\n<p><iframe loading=\"lazy\" class=\"wp-embedded-content\" sandbox=\"allow-scripts\" security=\"restricted\" style=\"position: absolute; visibility: hidden;\" title=\"\u00ab\u00a0UNE LETTRE \u00c0 LA MER&#8230; CAP SUR NEW YORK\u00a0\u00bb &#8212; Association Challenge Christophe Caraty\" src=\"https:\/\/challenge-christophe-caraty.fr\/?p=1082&#038;embed=true#?secret=9LK9PDpatL#?secret=VbioIXmQ7d\" data-secret=\"VbioIXmQ7d\" width=\"600\" height=\"338\" frameborder=\"0\" marginwidth=\"0\" marginheight=\"0\" scrolling=\"no\"><\/iframe><\/p>\n<blockquote class=\"wp-embedded-content\" data-secret=\"FhPwWzSuSM\"><p><a href=\"https:\/\/challenge-christophe-caraty.fr\/?p=1073\">DE SAINT-MALO \u00c0 NEW YORK : L\u2019\u00c9POP\u00c9E D&rsquo;UNE LETTRE FRATERNELLE !<\/a><\/p><\/blockquote>\n<p><iframe loading=\"lazy\" class=\"wp-embedded-content\" sandbox=\"allow-scripts\" security=\"restricted\" style=\"position: absolute; visibility: hidden;\" title=\"\u00ab\u00a0DE SAINT-MALO \u00c0 NEW YORK : L\u2019\u00c9POP\u00c9E D&rsquo;UNE LETTRE FRATERNELLE !\u00a0\u00bb &#8212; Association Challenge Christophe Caraty\" src=\"https:\/\/challenge-christophe-caraty.fr\/?p=1073&#038;embed=true#?secret=x38WHKqMSw#?secret=FhPwWzSuSM\" data-secret=\"FhPwWzSuSM\" width=\"600\" height=\"338\" frameborder=\"0\" marginwidth=\"0\" marginheight=\"0\" scrolling=\"no\"><\/iframe><\/p>\n<blockquote class=\"wp-embedded-content\" data-secret=\"KNED6fhVEj\"><p><a href=\"https:\/\/challenge-christophe-caraty.fr\/?p=1080\">SUR LA ROUTE AVEC LE TRIKE EN VADROUILLE !<\/a><\/p><\/blockquote>\n<p><iframe loading=\"lazy\" class=\"wp-embedded-content\" sandbox=\"allow-scripts\" security=\"restricted\" style=\"position: absolute; visibility: hidden;\" title=\"\u00ab\u00a0SUR LA ROUTE AVEC LE TRIKE EN VADROUILLE !\u00a0\u00bb &#8212; Association Challenge Christophe Caraty\" src=\"https:\/\/challenge-christophe-caraty.fr\/?p=1080&#038;embed=true#?secret=KohFiuRRCd#?secret=KNED6fhVEj\" data-secret=\"KNED6fhVEj\" width=\"600\" height=\"338\" frameborder=\"0\" marginwidth=\"0\" marginheight=\"0\" scrolling=\"no\"><\/iframe><\/p>\n<blockquote class=\"wp-embedded-content\" data-secret=\"XTAaV7TQsJ\"><p><a href=\"https:\/\/challenge-christophe-caraty.fr\/?p=1076\">Du Hand, du C\u0153ur et 7 000 km de Solidarit\u00e9 !<\/a><\/p><\/blockquote>\n<p><iframe loading=\"lazy\" class=\"wp-embedded-content\" sandbox=\"allow-scripts\" security=\"restricted\" style=\"position: absolute; visibility: hidden;\" title=\"\u00ab\u00a0Du Hand, du C\u0153ur et 7 000 km de Solidarit\u00e9 !\u00a0\u00bb &#8212; Association Challenge Christophe Caraty\" src=\"https:\/\/challenge-christophe-caraty.fr\/?p=1076&#038;embed=true#?secret=bmlAgHAteg#?secret=XTAaV7TQsJ\" data-secret=\"XTAaV7TQsJ\" width=\"600\" height=\"338\" frameborder=\"0\" marginwidth=\"0\" marginheight=\"0\" scrolling=\"no\"><\/iframe><\/p>\n","protected":false},"excerpt":{"rendered":"<p>UNE LETTRE \u00c0 LA MER&#8230; CAP SUR NEW YORK DE SAINT-MALO \u00c0 NEW YORK : L\u2019\u00c9POP\u00c9E D&rsquo;UNE LETTRE FRATERNELLE ! SUR LA ROUTE AVEC LE TRIKE EN VADROUILLE ! Du Hand, du C\u0153ur et 7 000 km de Solidarit\u00e9 !<\/p>\n","protected":false},"author":1,"featured_media":179,"parent":0,"menu_order":0,"comment_status":"closed","ping_status":"closed","template":"","meta":{"give_campaign_id":0,"footnotes":""},"class_list":["post-1352","page","type-page","status-publish","has-post-thumbnail","hentry"],"campaignId":"","_links":{"self":[{"href":"https:\/\/challenge-christophe-caraty.fr\/index.php?rest_route=\/wp\/v2\/pages\/1352","targetHints":{"allow":["GET"]}}],"collection":[{"href":"https:\/\/challenge-christophe-caraty.fr\/index.php?rest_route=\/wp\/v2\/pages"}],"about":[{"href":"https:\/\/challenge-christophe-caraty.fr\/index.php?rest_route=\/wp\/v2\/types\/page"}],"author":[{"embeddable":true,"href":"https:\/\/challenge-christophe-caraty.fr\/index.php?rest_route=\/wp\/v2\/users\/1"}],"replies":[{"embeddable":true,"href":"https:\/\/challenge-christophe-caraty.fr\/index.php?rest_route=%2Fwp%2Fv2%2Fcomments&post=1352"}],"version-history":[{"count":7,"href":"https:\/\/challenge-christophe-caraty.fr\/index.php?rest_route=\/wp\/v2\/pages\/1352\/revisions"}],"predecessor-version":[{"id":1379,"href":"https:\/\/challenge-christophe-caraty.fr\/index.php?rest_route=\/wp\/v2\/pages\/1352\/revisions\/1379"}],"wp:featuredmedia":[{"embeddable":true,"href":"https:\/\/challenge-christophe-caraty.fr\/index.php?rest_route=\/wp\/v2\/media\/179"}],"wp:attachment":[{"href":"https:\/\/challenge-christophe-caraty.fr\/index.php?rest_route=%2Fwp%2Fv2%2Fmedia&parent=1352"}],"curies":[{"name":"wp","href":"https:\/\/api.w.org\/{rel}","templated":true}]}}