{"id":16,"date":"2026-05-10T11:30:57","date_gmt":"2026-05-10T09:30:57","guid":{"rendered":"http:\/\/challenge-christophe-caraty.fr\/?page_id=16"},"modified":"2026-05-14T14:55:44","modified_gmt":"2026-05-14T12:55:44","slug":"contact","status":"publish","type":"page","link":"https:\/\/challenge-christophe-caraty.fr\/?page_id=16","title":{"rendered":"Contacts"},"content":{"rendered":"<table width=\"100%\">\n<tbody>\n<tr>\n<td width=\"50%\"><img loading=\"lazy\" decoding=\"async\" class=\"wp-image-1448 aligncenter\" src=\"https:\/\/challenge-christophe-caraty.fr\/wp-content\/uploads\/2026\/05\/telechargement.png\" alt=\"\" width=\"102\" height=\"72\" \/><\/p>\n<p><a href=\"https:\/\/www.facebook.com\/challengechristophe\">https:\/\/www.facebook.com\/challengechristophe<\/a><\/p>\n<p>&nbsp;<\/p>\n<p><img loading=\"lazy\" decoding=\"async\" class=\"wp-image-1446 aligncenter\" src=\"https:\/\/challenge-christophe-caraty.fr\/wp-content\/uploads\/2026\/05\/telechargement-1.jpg\" alt=\"\" width=\"53\" height=\"53\" \/><\/p>\n<p><a tabindex=\"-1\" href=\"https:\/\/www.instagram.com\/challenge_christophe_caraty\/\" target=\"_blank\" rel=\"noopener\">instagram.com\/challenge_christophe_caraty<\/a><\/p>\n<p>&nbsp;<\/p>\n<p><strong>Association Challenge<\/strong><br \/>\n<strong>Christophe Caraty<\/strong><br \/>\n<strong>215 Pen Kear<\/strong><br \/>\n<strong>29880 Plouguerneau<\/strong><\/td>\n<td><strong>Pascale HERRY<\/strong><br \/>\nPr\u00e9sidente<br \/>\n06 72 43 64 20<strong>Jo\u00ebl CARATY<\/strong><br \/>\nVice-pr\u00e9sident<br \/>\n06 10 71 50 66<\/p>\n<p><b>Dom CARDINAL<\/b><br \/>\nCommission Partenaires<br \/>\n06 09 71 54 35<\/p>\n<hr \/>\n<hr \/>\n<p>&nbsp;<\/p>\n<hr \/>\n<p>&nbsp;<\/p>\n<hr \/>\n<p><strong><img loading=\"lazy\" decoding=\"async\" class=\"\" src=\"https:\/\/challenge-christophe-caraty.fr\/wp-content\/uploads\/2026\/05\/qr-code-don-300x300.jpg\" width=\"210\" height=\"210\" \/><\/strong><\/p>\n<hr \/>\n<p>&nbsp;<\/p>\n<hr \/>\n<p>&nbsp;<\/td>\n<\/tr>\n<\/tbody>\n<\/table>\n<p><em>Nous \u00e9crire :<\/em><br \/>\n\n<div class=\"wpcf7 no-js\" id=\"wpcf7-f65-o1\" lang=\"fr-FR\" dir=\"ltr\" data-wpcf7-id=\"65\">\n<div class=\"screen-reader-response\"><p role=\"status\" aria-live=\"polite\" aria-atomic=\"true\"><\/p> <ul><\/ul><\/div>\n<form action=\"\/index.php?rest_route=%2Fwp%2Fv2%2Fpages%2F16#wpcf7-f65-o1\" method=\"post\" class=\"wpcf7-form init\" aria-label=\"Formulaire de contact\" novalidate=\"novalidate\" data-status=\"init\">\n<fieldset class=\"hidden-fields-container\"><input type=\"hidden\" name=\"_wpcf7\" value=\"65\" \/><input type=\"hidden\" name=\"_wpcf7_version\" value=\"6.1.5\" \/><input type=\"hidden\" name=\"_wpcf7_locale\" value=\"fr_FR\" \/><input type=\"hidden\" name=\"_wpcf7_unit_tag\" value=\"wpcf7-f65-o1\" \/><input type=\"hidden\" name=\"_wpcf7_container_post\" value=\"0\" \/><input type=\"hidden\" name=\"_wpcf7_posted_data_hash\" value=\"\" \/>\n<\/fieldset>\n<p><label> Votre nom (obligatoire)<br \/>\n<span class=\"wpcf7-form-control-wrap\" data-name=\"your-name\"><input size=\"40\" maxlength=\"400\" class=\"wpcf7-form-control wpcf7-text wpcf7-validates-as-required\" aria-required=\"true\" aria-invalid=\"false\" value=\"\" type=\"text\" name=\"your-name\" \/><\/span> <\/label>\n<\/p>\n<p><label> Votre adresse de messagerie (obligatoire)<br \/>\n<span class=\"wpcf7-form-control-wrap\" data-name=\"your-email\"><input size=\"40\" maxlength=\"400\" class=\"wpcf7-form-control wpcf7-email wpcf7-validates-as-required wpcf7-text wpcf7-validates-as-email\" aria-required=\"true\" aria-invalid=\"false\" value=\"\" type=\"email\" name=\"your-email\" \/><\/span> <\/label>\n<\/p>\n<p><label> Objet<br \/>\n<span class=\"wpcf7-form-control-wrap\" data-name=\"your-subject\"><input size=\"40\" maxlength=\"400\" class=\"wpcf7-form-control wpcf7-text\" aria-invalid=\"false\" value=\"\" type=\"text\" name=\"your-subject\" \/><\/span> <\/label>\n<\/p>\n<p><label> Votre message<br \/>\n<span class=\"wpcf7-form-control-wrap\" data-name=\"your-message\"><textarea cols=\"40\" rows=\"10\" maxlength=\"2000\" class=\"wpcf7-form-control wpcf7-textarea\" aria-invalid=\"false\" name=\"your-message\"><\/textarea><\/span> <\/label>\n<\/p>\n<p><span class=\"wpcf7-form-control-wrap\" data-name=\"quiz-826\"><label><span class=\"wpcf7-quiz-label\">1+1=?<\/span> <input size=\"40\" class=\"wpcf7-form-control wpcf7-quiz\" autocomplete=\"off\" aria-required=\"true\" aria-invalid=\"false\" type=\"text\" name=\"quiz-826\" \/><\/label><input type=\"hidden\" name=\"_wpcf7_quiz_answer_quiz-826\" value=\"b6689209ff5c88c2ee3c85e58346fc1b\" \/><\/span>\n<\/p>\n<p><input class=\"wpcf7-form-control wpcf7-submit has-spinner\" type=\"submit\" value=\"Envoyer\" \/>\n<\/p><p style=\"display: none !important;\" class=\"akismet-fields-container\" data-prefix=\"_wpcf7_ak_\"><label>&#916;<textarea name=\"_wpcf7_ak_hp_textarea\" cols=\"45\" rows=\"8\" maxlength=\"100\"><\/textarea><\/label><input type=\"hidden\" id=\"ak_js_1\" name=\"_wpcf7_ak_js\" value=\"140\"\/><script type=\"text\/javascript\">\n\/* <![CDATA[ *\/\ndocument.getElementById( \"ak_js_1\" ).setAttribute( \"value\", ( new Date() ).getTime() );\n\/* ]]> *\/\n<\/script>\n<\/p><div class=\"wpcf7-response-output\" aria-hidden=\"true\"><\/div>\n<\/form>\n<\/div>\n<\/p>\n","protected":false},"excerpt":{"rendered":"<p>https:\/\/www.facebook.com\/challengechristophe &nbsp; instagram.com\/challenge_christophe_caraty &nbsp; Association Challenge Christophe Caraty 215 Pen Kear 29880 Plouguerneau Pascale HERRY Pr\u00e9sidente 06 72 43 64 20Jo\u00ebl CARATY Vice-pr\u00e9sident 06 10 71 50 66 Dom CARDINAL Commission Partenaires 06 09 71 54 35 &nbsp; &nbsp; &nbsp; &nbsp; Nous \u00e9crire :<\/p>\n","protected":false},"author":1,"featured_media":84,"parent":0,"menu_order":0,"comment_status":"closed","ping_status":"closed","template":"","meta":{"give_campaign_id":0,"footnotes":""},"class_list":["post-16","page","type-page","status-publish","has-post-thumbnail","hentry"],"campaignId":"","jetpack_sharing_enabled":true,"_links":{"self":[{"href":"https:\/\/challenge-christophe-caraty.fr\/index.php?rest_route=\/wp\/v2\/pages\/16","targetHints":{"allow":["GET"]}}],"collection":[{"href":"https:\/\/challenge-christophe-caraty.fr\/index.php?rest_route=\/wp\/v2\/pages"}],"about":[{"href":"https:\/\/challenge-christophe-caraty.fr\/index.php?rest_route=\/wp\/v2\/types\/page"}],"author":[{"embeddable":true,"href":"https:\/\/challenge-christophe-caraty.fr\/index.php?rest_route=\/wp\/v2\/users\/1"}],"replies":[{"embeddable":true,"href":"https:\/\/challenge-christophe-caraty.fr\/index.php?rest_route=%2Fwp%2Fv2%2Fcomments&post=16"}],"version-history":[{"count":49,"href":"https:\/\/challenge-christophe-caraty.fr\/index.php?rest_route=\/wp\/v2\/pages\/16\/revisions"}],"predecessor-version":[{"id":1550,"href":"https:\/\/challenge-christophe-caraty.fr\/index.php?rest_route=\/wp\/v2\/pages\/16\/revisions\/1550"}],"wp:featuredmedia":[{"embeddable":true,"href":"https:\/\/challenge-christophe-caraty.fr\/index.php?rest_route=\/wp\/v2\/media\/84"}],"wp:attachment":[{"href":"https:\/\/challenge-christophe-caraty.fr\/index.php?rest_route=%2Fwp%2Fv2%2Fmedia&parent=16"}],"curies":[{"name":"wp","href":"https:\/\/api.w.org\/{rel}","templated":true}]}}